{"id":2,"date":"2022-10-12T21:53:24","date_gmt":"2022-10-12T18:53:24","guid":{"rendered":"http:\/\/www.mizahkitaplari.com\/?page_id=2"},"modified":"2023-09-11T20:21:23","modified_gmt":"2023-09-11T17:21:23","slug":"ne-ayagiz","status":"publish","type":"page","link":"https:\/\/www.mizahkitaplari.com\/index.php\/ne-ayagiz\/","title":{"rendered":"Ne aya\u011f\u0131z?"},"content":{"rendered":"\n<p>    &#8217;84 y\u0131l\u0131n\u0131n Rumi y\u0131lba\u015f\u0131s\u0131 do\u011fumlu yazar bu site dahilinde, yazm\u0131\u015f bulundu\u011fu <strong>&#8220;Sevtapdioksit&#8221;<\/strong> ve <strong>&#8220;7 Kar\u0131l\u0131 Seyfi&#8221;<\/strong> isimli mizah kitaplar\u0131n\u0131n tan\u0131t\u0131m\u0131n\u0131 yaparak hayata pozitif bir \u00e7\u0131k\u0131nt\u0131 yapmaktad\u0131r.<\/p>\n\n\n\n<p>   Ayr\u0131ca yine ayn\u0131 yazar, \u00e7\u0131karm\u0131\u015f oldu\u011fu iki adet mizah kitab\u0131n\u0131n yan\u0131na \u00fclke genelindeki mizah kategorisi bulunmayan kitap\u00e7\u0131larda yay\u0131nlans\u0131n diye ve yine ayn\u0131 \u00fclkede kitap okumayan insanlara on numara mizah kitaplar\u0131 \u00e7\u0131karmaya devam etmektedir.<\/p>\n\n\n\n<p>  \u015euraya bir dipnot eylemek isterim ki kitaplar\u0131mdan s\u0131k\u0131lman\u0131z, yar\u0131s\u0131nda b\u00fck\u00fcp bir kenara atman\u0131z, ve g\u00fclmeme gibi eylemleri yapman\u0131z pek m\u00fcmk\u00fcn de\u011fildir. \u00c7\u00fcnk\u00fc yazana kadar esiri, yazd\u0131ktan sonra ise esiri olaca\u011f\u0131n\u0131z kitaplar yazmaktay\u0131m.<\/p>\n","protected":false},"excerpt":{"rendered":"<p>&#8217;84 y\u0131l\u0131n\u0131n Rumi y\u0131lba\u015f\u0131s\u0131 do\u011fumlu yazar bu site dahilinde, yazm\u0131\u015f bulundu\u011fu &#8220;Sevtapdioksit&#8221; ve &#8220;7 Kar\u0131l\u0131&#8230;<\/p>\n","protected":false},"author":1,"featured_media":0,"parent":0,"menu_order":0,"comment_status":"closed","ping_status":"open","template":"","meta":{"om_disable_all_campaigns":false,"_mi_skip_tracking":false,"_monsterinsights_sitenote_active":false,"_monsterinsights_sitenote_note":"","_monsterinsights_sitenote_category":0,"footnotes":""},"class_list":["post-2","page","type-page","status-publish","hentry"],"aioseo_notices":[],"_links":{"self":[{"href":"https:\/\/www.mizahkitaplari.com\/index.php\/wp-json\/wp\/v2\/pages\/2","targetHints":{"allow":["GET"]}}],"collection":[{"href":"https:\/\/www.mizahkitaplari.com\/index.php\/wp-json\/wp\/v2\/pages"}],"about":[{"href":"https:\/\/www.mizahkitaplari.com\/index.php\/wp-json\/wp\/v2\/types\/page"}],"author":[{"embeddable":true,"href":"https:\/\/www.mizahkitaplari.com\/index.php\/wp-json\/wp\/v2\/users\/1"}],"replies":[{"embeddable":true,"href":"https:\/\/www.mizahkitaplari.com\/index.php\/wp-json\/wp\/v2\/comments?post=2"}],"version-history":[{"count":6,"href":"https:\/\/www.mizahkitaplari.com\/index.php\/wp-json\/wp\/v2\/pages\/2\/revisions"}],"predecessor-version":[{"id":158,"href":"https:\/\/www.mizahkitaplari.com\/index.php\/wp-json\/wp\/v2\/pages\/2\/revisions\/158"}],"wp:attachment":[{"href":"https:\/\/www.mizahkitaplari.com\/index.php\/wp-json\/wp\/v2\/media?parent=2"}],"curies":[{"name":"wp","href":"https:\/\/api.w.org\/{rel}","templated":true}]}}